{"id":184,"date":"2024-06-08T12:32:29","date_gmt":"2024-06-08T09:32:29","guid":{"rendered":"https:\/\/nutssyote.fi\/?page_id=184"},"modified":"2026-04-02T09:25:42","modified_gmt":"2026-04-02T06:25:42","slug":"tapahtumabussi","status":"publish","type":"page","link":"https:\/\/nutssyote.fi\/fi\/tapahtumabussi\/","title":{"rendered":"Tapahtumabussi"},"content":{"rendered":"\n<h2 class=\"wp-block-heading\">HOP IN, HOP OFF<br>\u2013 superviikonlopun tapahtumabussi kulkee Sy\u00f6tteell\u00e4!<\/h2>\n\n\n\n<h3 class=\"wp-block-heading\"><br>Hop in, hop off ja nauti tapahtumaviikonlopun menosta ilman oman auton k\u00e4ytt\u00f6\u00e4.<\/h3>\n\n\n\n<p>Kyyti on ilmainen \u2013 kyydin sinulle tarjoaa STP Liikenne ja Sy\u00f6tteen matkailuyhdistys ry.<\/p>\n\n\n\n<h3 class=\"wp-block-heading\">Tapahtumabussi liikenn\u00f6i tasatunnein alueella la 13.6. klo 10-18.<\/h3>\n\n\n\n<figure class=\"wp-block-table\"><table class=\"has-fixed-layout\"><tbody><tr><td>Hotelli Iso-Sy\u00f6te<\/td><td>Tasatunnein alkaen klo 10.<\/td><\/tr><tr><td>Tunturi Market, KIDE Hotelli<\/td><td>10 min yli<\/td><\/tr><tr><td>P\u00e4rj\u00e4nkievari\/Kansallispuiston portti<\/td><td>15 min yli<\/td><\/tr><tr><td>Romesuvanto<\/td><td>25 min yli<\/td><\/tr><tr><td>P\u00e4rj\u00e4nkievari\/Kansallispuiston portti<\/td><td>35 min yli<\/td><\/tr><tr><td>Tunturi Market, KIDE Hotelli<\/td><td>40 min yli<\/td><\/tr><tr><td>Hotelli Iso-Sy\u00f6te<\/td><td>Tasatunnein, p\u00e4\u00e4ttyy klo 18.<\/td><\/tr><\/tbody><\/table><\/figure>\n\n\n\n<p>  <\/p>\n\n\n\n<figure class=\"wp-block-image size-large\"><img loading=\"lazy\" decoding=\"async\" width=\"1024\" height=\"724\" src=\"https:\/\/media.nuts.fi\/wp-content\/uploads\/sites\/6\/2026\/04\/02092246\/Syote-shuttlebus-kartta-1024x724.jpg\" alt=\"\" class=\"wp-image-866\" srcset=\"https:\/\/media.nuts.fi\/wp-content\/uploads\/sites\/6\/2026\/04\/02092246\/Syote-shuttlebus-kartta-1024x724.jpg 1024w, https:\/\/media.nuts.fi\/wp-content\/uploads\/sites\/6\/2026\/04\/02092246\/Syote-shuttlebus-kartta-300x212.jpg 300w, https:\/\/media.nuts.fi\/wp-content\/uploads\/sites\/6\/2026\/04\/02092246\/Syote-shuttlebus-kartta-768x543.jpg 768w, https:\/\/media.nuts.fi\/wp-content\/uploads\/sites\/6\/2026\/04\/02092246\/Syote-shuttlebus-kartta-1536x1086.jpg 1536w, https:\/\/media.nuts.fi\/wp-content\/uploads\/sites\/6\/2026\/04\/02092246\/Syote-shuttlebus-kartta.jpg 2000w\" sizes=\"auto, (max-width: 1024px) 100vw, 1024px\" \/><\/figure>\n\n\n<div class=\"wp-block-image\">\n<figure class=\"aligncenter size-full\"><img loading=\"lazy\" decoding=\"async\" width=\"382\" height=\"198\" src=\"https:\/\/media.nuts.fi\/wp-content\/uploads\/sites\/6\/2026\/03\/31104635\/Syote-pudasjarvi-logo-1.jpg\" alt=\"\" class=\"wp-image-844\" srcset=\"https:\/\/media.nuts.fi\/wp-content\/uploads\/sites\/6\/2026\/03\/31104635\/Syote-pudasjarvi-logo-1.jpg 382w, https:\/\/media.nuts.fi\/wp-content\/uploads\/sites\/6\/2026\/03\/31104635\/Syote-pudasjarvi-logo-1-300x155.jpg 300w\" sizes=\"auto, (max-width: 382px) 100vw, 382px\" \/><\/figure>\n<\/div>","protected":false},"excerpt":{"rendered":"<p>Tapahtumabussi liikenn\u00f6i tasatunnein alueella lauantaina 14.6. klo 10-18.<\/p>\n","protected":false},"author":1,"featured_media":597,"parent":0,"menu_order":0,"comment_status":"closed","ping_status":"closed","template":"","meta":{"_kad_blocks_custom_css":"","_kad_blocks_head_custom_js":"","_kad_blocks_body_custom_js":"","_kad_blocks_footer_custom_js":"","_kad_post_transparent":"","_kad_post_title":"hide","_kad_post_layout":"","_kad_post_sidebar_id":"","_kad_post_content_style":"","_kad_post_vertical_padding":"","_kad_post_feature":"","_kad_post_feature_position":"","_kad_post_header":false,"_kad_post_footer":false,"_kad_post_classname":"","footnotes":""},"class_list":["post-184","page","type-page","status-publish","has-post-thumbnail","hentry"],"yoast_head":"<!-- This site is optimized with the Yoast SEO plugin v26.8 - https:\/\/yoast.com\/product\/yoast-seo-wordpress\/ -->\n<title>Tapahtumabussi - NUTS Sy\u00f6te -polkujuoksu<\/title>\n<meta name=\"robots\" content=\"index, follow, max-snippet:-1, max-image-preview:large, max-video-preview:-1\" \/>\n<link rel=\"canonical\" href=\"https:\/\/nutssyote.fi\/fi\/tapahtumabussi\/\" \/>\n<meta property=\"og:locale\" content=\"fi_FI\" \/>\n<meta property=\"og:type\" content=\"article\" \/>\n<meta property=\"og:title\" content=\"Tapahtumabussi - NUTS Sy\u00f6te -polkujuoksu\" \/>\n<meta property=\"og:description\" content=\"Tapahtumabussi liikenn\u00f6i tasatunnein alueella lauantaina 14.6. klo 10-18.\" \/>\n<meta property=\"og:url\" content=\"https:\/\/nutssyote.fi\/fi\/tapahtumabussi\/\" \/>\n<meta property=\"og:site_name\" content=\"NUTS Sy\u00f6te -polkujuoksu\" \/>\n<meta property=\"article:modified_time\" content=\"2026-04-02T06:25:42+00:00\" \/>\n<meta property=\"og:image\" content=\"https:\/\/media.nuts.fi\/wp-content\/uploads\/sites\/6\/2025\/06\/06092844\/hop-on-hop-off.jpg\" \/>\n\t<meta property=\"og:image:width\" content=\"2048\" \/>\n\t<meta property=\"og:image:height\" content=\"1263\" \/>\n\t<meta property=\"og:image:type\" content=\"image\/jpeg\" \/>\n<meta name=\"twitter:card\" content=\"summary_large_image\" \/>\n<meta name=\"twitter:label1\" content=\"Arvioitu lukuaika\" \/>\n\t<meta name=\"twitter:data1\" content=\"2 minuuttia\" \/>\n<script type=\"application\/ld+json\" class=\"yoast-schema-graph\">{\"@context\":\"https:\/\/schema.org\",\"@graph\":[{\"@type\":\"WebPage\",\"@id\":\"https:\/\/nutssyote.fi\/fi\/tapahtumabussi\/\",\"url\":\"https:\/\/nutssyote.fi\/fi\/tapahtumabussi\/\",\"name\":\"Tapahtumabussi - NUTS Sy\u00f6te -polkujuoksu\",\"isPartOf\":{\"@id\":\"https:\/\/nutssyote.fi\/fi\/#website\"},\"primaryImageOfPage\":{\"@id\":\"https:\/\/nutssyote.fi\/fi\/tapahtumabussi\/#primaryimage\"},\"image\":{\"@id\":\"https:\/\/nutssyote.fi\/fi\/tapahtumabussi\/#primaryimage\"},\"thumbnailUrl\":\"https:\/\/media.nuts.fi\/wp-content\/uploads\/sites\/6\/2025\/06\/06092844\/hop-on-hop-off.jpg\",\"datePublished\":\"2024-06-08T09:32:29+00:00\",\"dateModified\":\"2026-04-02T06:25:42+00:00\",\"breadcrumb\":{\"@id\":\"https:\/\/nutssyote.fi\/fi\/tapahtumabussi\/#breadcrumb\"},\"inLanguage\":\"fi\",\"potentialAction\":[{\"@type\":\"ReadAction\",\"target\":[\"https:\/\/nutssyote.fi\/fi\/tapahtumabussi\/\"]}]},{\"@type\":\"ImageObject\",\"inLanguage\":\"fi\",\"@id\":\"https:\/\/nutssyote.fi\/fi\/tapahtumabussi\/#primaryimage\",\"url\":\"https:\/\/media.nuts.fi\/wp-content\/uploads\/sites\/6\/2025\/06\/06092844\/hop-on-hop-off.jpg\",\"contentUrl\":\"https:\/\/media.nuts.fi\/wp-content\/uploads\/sites\/6\/2025\/06\/06092844\/hop-on-hop-off.jpg\",\"width\":2048,\"height\":1263},{\"@type\":\"BreadcrumbList\",\"@id\":\"https:\/\/nutssyote.fi\/fi\/tapahtumabussi\/#breadcrumb\",\"itemListElement\":[{\"@type\":\"ListItem\",\"position\":1,\"name\":\"Etusivu\",\"item\":\"https:\/\/nutssyote.fi\/fi\/\"},{\"@type\":\"ListItem\",\"position\":2,\"name\":\"Tapahtumabussi\"}]},{\"@type\":\"WebSite\",\"@id\":\"https:\/\/nutssyote.fi\/fi\/#website\",\"url\":\"https:\/\/nutssyote.fi\/fi\/\",\"name\":\"NUTS Sy\u00f6te -polkujuoksu\",\"description\":\"\",\"publisher\":{\"@id\":\"https:\/\/nutssyote.fi\/fi\/#organization\"},\"potentialAction\":[{\"@type\":\"SearchAction\",\"target\":{\"@type\":\"EntryPoint\",\"urlTemplate\":\"https:\/\/nutssyote.fi\/fi\/?s={search_term_string}\"},\"query-input\":{\"@type\":\"PropertyValueSpecification\",\"valueRequired\":true,\"valueName\":\"search_term_string\"}}],\"inLanguage\":\"fi\"},{\"@type\":\"Organization\",\"@id\":\"https:\/\/nutssyote.fi\/fi\/#organization\",\"name\":\"NUTS Sy\u00f6te -polkujuoksu\",\"url\":\"https:\/\/nutssyote.fi\/fi\/\",\"logo\":{\"@type\":\"ImageObject\",\"inLanguage\":\"fi\",\"@id\":\"https:\/\/nutssyote.fi\/fi\/#\/schema\/logo\/image\/\",\"url\":\"https:\/\/media.nuts.fi\/wp-content\/uploads\/sites\/6\/2025\/01\/28141425\/nuts-syote-white-1.svg\",\"contentUrl\":\"https:\/\/media.nuts.fi\/wp-content\/uploads\/sites\/6\/2025\/01\/28141425\/nuts-syote-white-1.svg\",\"caption\":\"NUTS Sy\u00f6te -polkujuoksu\"},\"image\":{\"@id\":\"https:\/\/nutssyote.fi\/fi\/#\/schema\/logo\/image\/\"}}]}<\/script>\n<!-- \/ Yoast SEO plugin. -->","yoast_head_json":{"title":"Tapahtumabussi - NUTS Sy\u00f6te -polkujuoksu","robots":{"index":"index","follow":"follow","max-snippet":"max-snippet:-1","max-image-preview":"max-image-preview:large","max-video-preview":"max-video-preview:-1"},"canonical":"https:\/\/nutssyote.fi\/fi\/tapahtumabussi\/","og_locale":"fi_FI","og_type":"article","og_title":"Tapahtumabussi - NUTS Sy\u00f6te -polkujuoksu","og_description":"Tapahtumabussi liikenn\u00f6i tasatunnein alueella lauantaina 14.6. klo 10-18.","og_url":"https:\/\/nutssyote.fi\/fi\/tapahtumabussi\/","og_site_name":"NUTS Sy\u00f6te -polkujuoksu","article_modified_time":"2026-04-02T06:25:42+00:00","og_image":[{"width":2048,"height":1263,"url":"https:\/\/media.nuts.fi\/wp-content\/uploads\/sites\/6\/2025\/06\/06092844\/hop-on-hop-off.jpg","type":"image\/jpeg"}],"twitter_card":"summary_large_image","twitter_misc":{"Arvioitu lukuaika":"2 minuuttia"},"schema":{"@context":"https:\/\/schema.org","@graph":[{"@type":"WebPage","@id":"https:\/\/nutssyote.fi\/fi\/tapahtumabussi\/","url":"https:\/\/nutssyote.fi\/fi\/tapahtumabussi\/","name":"Tapahtumabussi - NUTS Sy\u00f6te -polkujuoksu","isPartOf":{"@id":"https:\/\/nutssyote.fi\/fi\/#website"},"primaryImageOfPage":{"@id":"https:\/\/nutssyote.fi\/fi\/tapahtumabussi\/#primaryimage"},"image":{"@id":"https:\/\/nutssyote.fi\/fi\/tapahtumabussi\/#primaryimage"},"thumbnailUrl":"https:\/\/media.nuts.fi\/wp-content\/uploads\/sites\/6\/2025\/06\/06092844\/hop-on-hop-off.jpg","datePublished":"2024-06-08T09:32:29+00:00","dateModified":"2026-04-02T06:25:42+00:00","breadcrumb":{"@id":"https:\/\/nutssyote.fi\/fi\/tapahtumabussi\/#breadcrumb"},"inLanguage":"fi","potentialAction":[{"@type":"ReadAction","target":["https:\/\/nutssyote.fi\/fi\/tapahtumabussi\/"]}]},{"@type":"ImageObject","inLanguage":"fi","@id":"https:\/\/nutssyote.fi\/fi\/tapahtumabussi\/#primaryimage","url":"https:\/\/media.nuts.fi\/wp-content\/uploads\/sites\/6\/2025\/06\/06092844\/hop-on-hop-off.jpg","contentUrl":"https:\/\/media.nuts.fi\/wp-content\/uploads\/sites\/6\/2025\/06\/06092844\/hop-on-hop-off.jpg","width":2048,"height":1263},{"@type":"BreadcrumbList","@id":"https:\/\/nutssyote.fi\/fi\/tapahtumabussi\/#breadcrumb","itemListElement":[{"@type":"ListItem","position":1,"name":"Etusivu","item":"https:\/\/nutssyote.fi\/fi\/"},{"@type":"ListItem","position":2,"name":"Tapahtumabussi"}]},{"@type":"WebSite","@id":"https:\/\/nutssyote.fi\/fi\/#website","url":"https:\/\/nutssyote.fi\/fi\/","name":"NUTS Sy\u00f6te -polkujuoksu","description":"","publisher":{"@id":"https:\/\/nutssyote.fi\/fi\/#organization"},"potentialAction":[{"@type":"SearchAction","target":{"@type":"EntryPoint","urlTemplate":"https:\/\/nutssyote.fi\/fi\/?s={search_term_string}"},"query-input":{"@type":"PropertyValueSpecification","valueRequired":true,"valueName":"search_term_string"}}],"inLanguage":"fi"},{"@type":"Organization","@id":"https:\/\/nutssyote.fi\/fi\/#organization","name":"NUTS Sy\u00f6te -polkujuoksu","url":"https:\/\/nutssyote.fi\/fi\/","logo":{"@type":"ImageObject","inLanguage":"fi","@id":"https:\/\/nutssyote.fi\/fi\/#\/schema\/logo\/image\/","url":"https:\/\/media.nuts.fi\/wp-content\/uploads\/sites\/6\/2025\/01\/28141425\/nuts-syote-white-1.svg","contentUrl":"https:\/\/media.nuts.fi\/wp-content\/uploads\/sites\/6\/2025\/01\/28141425\/nuts-syote-white-1.svg","caption":"NUTS Sy\u00f6te -polkujuoksu"},"image":{"@id":"https:\/\/nutssyote.fi\/fi\/#\/schema\/logo\/image\/"}}]}},"taxonomy_info":[],"featured_image_src_large":["https:\/\/media.nuts.fi\/wp-content\/uploads\/sites\/6\/2025\/06\/06092844\/hop-on-hop-off-1024x632.jpg",1024,632,true],"author_info":{"display_name":"NUTS","author_link":"https:\/\/nutssyote.fi\/fi\/author\/user\/"},"comment_info":0,"_links":{"self":[{"href":"https:\/\/nutssyote.fi\/fi\/wp-json\/wp\/v2\/pages\/184","targetHints":{"allow":["GET"]}}],"collection":[{"href":"https:\/\/nutssyote.fi\/fi\/wp-json\/wp\/v2\/pages"}],"about":[{"href":"https:\/\/nutssyote.fi\/fi\/wp-json\/wp\/v2\/types\/page"}],"author":[{"embeddable":true,"href":"https:\/\/nutssyote.fi\/fi\/wp-json\/wp\/v2\/users\/1"}],"replies":[{"embeddable":true,"href":"https:\/\/nutssyote.fi\/fi\/wp-json\/wp\/v2\/comments?post=184"}],"version-history":[{"count":8,"href":"https:\/\/nutssyote.fi\/fi\/wp-json\/wp\/v2\/pages\/184\/revisions"}],"predecessor-version":[{"id":869,"href":"https:\/\/nutssyote.fi\/fi\/wp-json\/wp\/v2\/pages\/184\/revisions\/869"}],"wp:featuredmedia":[{"embeddable":true,"href":"https:\/\/nutssyote.fi\/fi\/wp-json\/wp\/v2\/media\/597"}],"wp:attachment":[{"href":"https:\/\/nutssyote.fi\/fi\/wp-json\/wp\/v2\/media?parent=184"}],"curies":[{"name":"wp","href":"https:\/\/api.w.org\/{rel}","templated":true}]}}