{"id":347,"date":"2025-01-27T15:19:45","date_gmt":"2025-01-27T15:19:45","guid":{"rendered":"https:\/\/nutssyote.fi\/?page_id=347"},"modified":"2025-03-08T13:09:08","modified_gmt":"2025-03-08T11:09:08","slug":"25km","status":"publish","type":"page","link":"https:\/\/nutssyote.fi\/fi\/matkat\/25km\/","title":{"rendered":"25 km \u201cYmp\u00e4ri menn\u00e4\u00e4n ja yhteen tullaan\u201d"},"content":{"rendered":"<script type=\"text\/javascript\" src=\"https:\/\/api-oa.com\/jscr\/loader.js?id=dc6nqe&lang=fi\" data-dp=\"806900672\"><\/script>\n\n\n<style>.wp-block-kadence-advancedbtn.kb-btns347_2cd470-bb{gap:var(--global-kb-gap-xs, 0.5rem );justify-content:flex-start;align-items:center;}.kt-btns347_2cd470-bb .kt-button{font-weight:normal;font-style:normal;}.kt-btns347_2cd470-bb .kt-btn-wrap-0{margin-right:5px;}.wp-block-kadence-advancedbtn.kt-btns347_2cd470-bb .kt-btn-wrap-0 .kt-button{color:#555555;border-color:#555555;}.wp-block-kadence-advancedbtn.kt-btns347_2cd470-bb .kt-btn-wrap-0 .kt-button:hover, .wp-block-kadence-advancedbtn.kt-btns347_2cd470-bb .kt-btn-wrap-0 .kt-button:focus{color:#ffffff;border-color:#444444;}.wp-block-kadence-advancedbtn.kt-btns347_2cd470-bb .kt-btn-wrap-0 .kt-button::before{display:none;}.wp-block-kadence-advancedbtn.kt-btns347_2cd470-bb .kt-btn-wrap-0 .kt-button:hover, .wp-block-kadence-advancedbtn.kt-btns347_2cd470-bb .kt-btn-wrap-0 .kt-button:focus{background:#444444;}<\/style>\n<div class=\"wp-block-kadence-advancedbtn kb-buttons-wrap kb-btns347_2cd470-bb\"><style>ul.menu .wp-block-kadence-advancedbtn .kb-btn347_fa99f3-dc.kb-button{width:initial;}<\/style><a class=\"kb-button kt-button button kb-btn347_fa99f3-dc kt-btn-size-large kt-btn-width-type-auto kb-btn-global-fill  kt-btn-has-text-true kt-btn-has-svg-false  wp-block-kadence-singlebtn\" href=\"\/fi\/ilmoittaudu\/\"><span class=\"kt-btn-inner-text\">Tule mukaan \ud83d\udd25 ><\/span><\/a><\/div>\n\n\n\n<h2 class=\"wp-block-heading\">Matkat<\/h2>\n\n\n<style>.kt-post-loop349_59d9a0-e3 .kadence-post-image{padding-top:0px;padding-right:0px;padding-bottom:0px;padding-left:0px;}.kt-post-loop349_59d9a0-e3 .kt-post-grid-wrap{gap:30px 30px;}.kt-post-loop349_59d9a0-e3 .kt-blocks-post-grid-item{border-top-left-radius:0px;border-top-right-radius:0px;border-bottom-right-radius:0px;border-bottom-left-radius:0px;overflow:hidden;}.kt-post-loop349_59d9a0-e3 .kt-blocks-post-grid-item .kt-blocks-post-grid-item-inner{padding-top:0px;padding-right:30px;padding-bottom:0px;padding-left:30px;}.kt-post-loop349_59d9a0-e3 .kt-blocks-post-grid-item header{padding-top:0px;padding-right:15px;padding-bottom:10px;padding-left:15px;margin-top:-30px;margin-right:0px;margin-bottom:0px;margin-left:0px;background-color:#ffffff;}.kt-post-loop349_59d9a0-e3 .kt-blocks-post-grid-item .entry-title{padding-top:10px;padding-right:0px;padding-bottom:5px;padding-left:0px;margin-top:0px;margin-right:0px;margin-bottom:0px;margin-left:0px;font-size:28px;line-height:40px;}.kt-post-loop349_59d9a0-e3 .entry-content{padding-top:0px;padding-right:15px;padding-bottom:0px;padding-left:15px;margin-top:0px;margin-right:0px;margin-bottom:0px;margin-left:0px;}.kt-post-loop349_59d9a0-e3 .kt-blocks-post-footer{border-top-width:0px;border-right-width:0px;border-bottom-width:0px;border-left-width:0px;padding-top:0px;padding-right:15px;padding-bottom:5px;padding-left:15px;margin-top:0px;margin-right:0px;margin-bottom:0px;margin-left:0px;}.kt-post-loop349_59d9a0-e3 .entry-content:after{height:0px;}.kt-post-loop349_59d9a0-e3 .entry-content .kt-blocks-post-readmore{background-color:#ffffff;border-color:#333333;color:#333333;border-width:1px;padding-top:5px;padding-right:16px;padding-bottom:5px;padding-left:16px;margin-top:0px;margin-right:0px;margin-bottom:0px;margin-left:0px;}.kt-post-loop349_59d9a0-e3 .entry-content .kt-blocks-post-readmore:hover{color:#ffffff;border-color:#333333;background-color:#333333;}.kt-post-loop349_59d9a0-e3 .kb-filter-item{border-top-width:0px;border-right-width:0px;border-bottom-width:2px;border-left-width:0px;padding-top:5px;padding-right:8px;padding-bottom:5px;padding-left:8px;margin-top:0px;margin-right:10px;margin-bottom:0px;margin-left:0px;}<\/style><div class=\"wp-block-kadence-postgrid kt-blocks-post-loop-block alignnone kt-post-loop349_59d9a0-e3 kt-post-grid-layout-grid \"><div class=\"kt-post-grid-layout-grid-wrap kt-post-grid-wrap\" data-columns-xxl=\"3\" data-columns-xl=\"3\" data-columns-md=\"3\" data-columns-sm=\"2\" data-columns-xs=\"1\" data-columns-ss=\"1\"data-item-selector=\".kt-post-masonry-item\" aria-label=\"Post Carousel\"><article class=\"kt-blocks-post-grid-item post-345 page type-page status-publish has-post-thumbnail hentry\"><div class=\"kt-blocks-post-grid-item-inner-wrap kt-feat-image-align-top kt-feat-image-mobile-align-top\"><div class=\"kadence-post-image\"><div class=\"kadence-post-image-intrisic kt-image-ratio-66-67\" style=\"padding-bottom:66.67%;\"><div class=\"kadence-post-image-inner-intrisic\"><a aria-hidden=\"true\" tabindex=\"-1\" role=\"presentation\" href=\"https:\/\/nutssyote.fi\/fi\/matkat\/40km\/\" aria-label=\"40 km \u201cThe more the merrier\u201d\" class=\"kadence-post-image-inner-wrap\"><img loading=\"lazy\" decoding=\"async\" width=\"1024\" height=\"683\" src=\"https:\/\/media.nuts.fi\/wp-content\/uploads\/sites\/6\/2025\/01\/28141417\/NUTS-Syote-40km-polkujuoksu-1024x683.jpg\" class=\"attachment-large size-large wp-post-image\" alt=\"\" srcset=\"https:\/\/media.nuts.fi\/wp-content\/uploads\/sites\/6\/2025\/01\/28141417\/NUTS-Syote-40km-polkujuoksu-1024x683.jpg 1024w, https:\/\/media.nuts.fi\/wp-content\/uploads\/sites\/6\/2025\/01\/28141417\/NUTS-Syote-40km-polkujuoksu-300x200.jpg 300w, https:\/\/media.nuts.fi\/wp-content\/uploads\/sites\/6\/2025\/01\/28141417\/NUTS-Syote-40km-polkujuoksu-768x512.jpg 768w, https:\/\/media.nuts.fi\/wp-content\/uploads\/sites\/6\/2025\/01\/28141417\/NUTS-Syote-40km-polkujuoksu-1536x1024.jpg 1536w, https:\/\/media.nuts.fi\/wp-content\/uploads\/sites\/6\/2025\/01\/28141417\/NUTS-Syote-40km-polkujuoksu.jpg 2048w\" sizes=\"auto, (max-width: 1024px) 100vw, 1024px\" \/><\/a><\/div><\/div><\/div><div class=\"kt-blocks-post-grid-item-inner\"><header><h2 class=\"entry-title\"><a href=\"https:\/\/nutssyote.fi\/fi\/matkat\/40km\/\">40 km \u201cThe more the merrier\u201d<\/a><\/h2><div class=\"kt-blocks-post-top-meta\"><\/div><\/header><div class=\"entry-content\">40 km reitti kulkee Sy\u00f6tteen kansallispuiston parhailla poluilla! Nousuja, teknisi\u00e4 osuuksia ja Iso-Sy\u00f6tteen huiputus ennen vauhdikasta laskua maaliin.<div class=\"kt-blocks-post-readmore-wrap\"><a class=\"kt-blocks-post-readmore\" href=\"https:\/\/nutssyote.fi\/fi\/matkat\/40km\/\">Tutustu \u203a<span class=\"screen-reader-text\"> 40 km \u201cThe more the merrier\u201d<\/span><\/a><\/div><\/div><footer class=\"kt-blocks-post-footer\"><div class=\"kt-blocks-post-footer-left\"><\/div><div class=\"kt-blocks-post-footer-right\"><\/div><\/footer><\/div><\/div><\/article><article class=\"kt-blocks-post-grid-item post-347 page type-page status-publish has-post-thumbnail hentry\"><div class=\"kt-blocks-post-grid-item-inner-wrap kt-feat-image-align-top kt-feat-image-mobile-align-top\"><div class=\"kadence-post-image\"><div class=\"kadence-post-image-intrisic kt-image-ratio-66-67\" style=\"padding-bottom:66.67%;\"><div class=\"kadence-post-image-inner-intrisic\"><a aria-hidden=\"true\" tabindex=\"-1\" role=\"presentation\" href=\"https:\/\/nutssyote.fi\/fi\/matkat\/25km\/\" aria-label=\"25 km \u201cYmp\u00e4ri menn\u00e4\u00e4n ja yhteen tullaan\u201d\" class=\"kadence-post-image-inner-wrap\"><img loading=\"lazy\" decoding=\"async\" width=\"1024\" height=\"683\" src=\"https:\/\/media.nuts.fi\/wp-content\/uploads\/sites\/6\/2025\/01\/28141417\/NUTS-Syote-25km-polkujuoksu-1024x683.jpg\" class=\"attachment-large size-large wp-post-image\" alt=\"\" srcset=\"https:\/\/media.nuts.fi\/wp-content\/uploads\/sites\/6\/2025\/01\/28141417\/NUTS-Syote-25km-polkujuoksu-1024x683.jpg 1024w, https:\/\/media.nuts.fi\/wp-content\/uploads\/sites\/6\/2025\/01\/28141417\/NUTS-Syote-25km-polkujuoksu-300x200.jpg 300w, https:\/\/media.nuts.fi\/wp-content\/uploads\/sites\/6\/2025\/01\/28141417\/NUTS-Syote-25km-polkujuoksu-768x512.jpg 768w, https:\/\/media.nuts.fi\/wp-content\/uploads\/sites\/6\/2025\/01\/28141417\/NUTS-Syote-25km-polkujuoksu-1536x1024.jpg 1536w, https:\/\/media.nuts.fi\/wp-content\/uploads\/sites\/6\/2025\/01\/28141417\/NUTS-Syote-25km-polkujuoksu.jpg 2048w\" sizes=\"auto, (max-width: 1024px) 100vw, 1024px\" \/><\/a><\/div><\/div><\/div><div class=\"kt-blocks-post-grid-item-inner\"><header><h2 class=\"entry-title\"><a href=\"https:\/\/nutssyote.fi\/fi\/matkat\/25km\/\">25 km \u201cYmp\u00e4ri menn\u00e4\u00e4n ja yhteen tullaan\u201d<\/a><\/h2><div class=\"kt-blocks-post-top-meta\"><\/div><\/header><div class=\"entry-content\">25 km reitti vie Sy\u00f6tteen kansallispuiston upeimmille poluille! Nousuja, laskuja, harjuja ja lopuksi Iso-Sy\u00f6tteen huiputus ennen laskua maaliin tunturin juurelle.<div class=\"kt-blocks-post-readmore-wrap\"><a class=\"kt-blocks-post-readmore\" href=\"https:\/\/nutssyote.fi\/fi\/matkat\/25km\/\">Tutustu \u203a<span class=\"screen-reader-text\"> 25 km \u201cYmp\u00e4ri menn\u00e4\u00e4n ja yhteen tullaan\u201d<\/span><\/a><\/div><\/div><footer class=\"kt-blocks-post-footer\"><div class=\"kt-blocks-post-footer-left\"><\/div><div class=\"kt-blocks-post-footer-right\"><\/div><\/footer><\/div><\/div><\/article><article class=\"kt-blocks-post-grid-item post-349 page type-page status-publish has-post-thumbnail hentry\"><div class=\"kt-blocks-post-grid-item-inner-wrap kt-feat-image-align-top kt-feat-image-mobile-align-top\"><div class=\"kadence-post-image\"><div class=\"kadence-post-image-intrisic kt-image-ratio-66-67\" style=\"padding-bottom:66.67%;\"><div class=\"kadence-post-image-inner-intrisic\"><a aria-hidden=\"true\" tabindex=\"-1\" role=\"presentation\" href=\"https:\/\/nutssyote.fi\/fi\/matkat\/10km\/\" aria-label=\"10 km \u201cS\u00e4p\u00e4kk\u00e4 silmukka\u201d\" class=\"kadence-post-image-inner-wrap\"><img loading=\"lazy\" decoding=\"async\" width=\"1024\" height=\"683\" src=\"https:\/\/media.nuts.fi\/wp-content\/uploads\/sites\/6\/2025\/01\/28141418\/NUTS-Syote-10km-polkujuoksu-1024x683.jpg\" class=\"attachment-large size-large wp-post-image\" alt=\"\" srcset=\"https:\/\/media.nuts.fi\/wp-content\/uploads\/sites\/6\/2025\/01\/28141418\/NUTS-Syote-10km-polkujuoksu-1024x683.jpg 1024w, https:\/\/media.nuts.fi\/wp-content\/uploads\/sites\/6\/2025\/01\/28141418\/NUTS-Syote-10km-polkujuoksu-300x200.jpg 300w, https:\/\/media.nuts.fi\/wp-content\/uploads\/sites\/6\/2025\/01\/28141418\/NUTS-Syote-10km-polkujuoksu-768x512.jpg 768w, https:\/\/media.nuts.fi\/wp-content\/uploads\/sites\/6\/2025\/01\/28141418\/NUTS-Syote-10km-polkujuoksu-1536x1024.jpg 1536w, https:\/\/media.nuts.fi\/wp-content\/uploads\/sites\/6\/2025\/01\/28141418\/NUTS-Syote-10km-polkujuoksu.jpg 2048w\" sizes=\"auto, (max-width: 1024px) 100vw, 1024px\" \/><\/a><\/div><\/div><\/div><div class=\"kt-blocks-post-grid-item-inner\"><header><h2 class=\"entry-title\"><a href=\"https:\/\/nutssyote.fi\/fi\/matkat\/10km\/\">10 km \u201cS\u00e4p\u00e4kk\u00e4 silmukka\u201d<\/a><\/h2><div class=\"kt-blocks-post-top-meta\"><\/div><\/header><div class=\"entry-content\">S\u00e4p\u00e4kk\u00e4 10 km reitti, jossa nousuja, vauhdikkaita laskuja ja Sy\u00f6tteen kansallispuiston parhaat palat! Huiputus Iso-Sy\u00f6tteelle ja lasku takaisin maaliin.<div class=\"kt-blocks-post-readmore-wrap\"><a class=\"kt-blocks-post-readmore\" href=\"https:\/\/nutssyote.fi\/fi\/matkat\/10km\/\">Tutustu \u203a<span class=\"screen-reader-text\"> 10 km \u201cS\u00e4p\u00e4kk\u00e4 silmukka\u201d<\/span><\/a><\/div><\/div><footer class=\"kt-blocks-post-footer\"><div class=\"kt-blocks-post-footer-left\"><\/div><div class=\"kt-blocks-post-footer-right\"><\/div><\/footer><\/div><\/div><\/article><\/div><\/div><!-- .wp-block-kadence-postgrid -->","protected":false},"excerpt":{"rendered":"<p>25 km reitti vie Sy\u00f6tteen kansallispuiston upeimmille poluille! Nousuja, laskuja, harjuja ja lopuksi Iso-Sy\u00f6tteen huiputus ennen laskua maaliin tunturin juurelle.<\/p>\n","protected":false},"author":1,"featured_media":374,"parent":341,"menu_order":0,"comment_status":"closed","ping_status":"closed","template":"","meta":{"_kad_blocks_custom_css":"","_kad_blocks_head_custom_js":"","_kad_blocks_body_custom_js":"","_kad_blocks_footer_custom_js":"","_kad_post_transparent":"","_kad_post_title":"hide","_kad_post_layout":"","_kad_post_sidebar_id":"","_kad_post_content_style":"","_kad_post_vertical_padding":"","_kad_post_feature":"","_kad_post_feature_position":"","_kad_post_header":false,"_kad_post_footer":false,"_kad_post_classname":"","footnotes":""},"class_list":["post-347","page","type-page","status-publish","has-post-thumbnail","hentry"],"yoast_head":"<!-- This site is optimized with the Yoast SEO plugin v26.8 - https:\/\/yoast.com\/product\/yoast-seo-wordpress\/ -->\n<title>25 km \u201cYmp\u00e4ri menn\u00e4\u00e4n ja yhteen tullaan\u201d - NUTS Sy\u00f6te -polkujuoksu<\/title>\n<meta name=\"robots\" content=\"index, follow, max-snippet:-1, max-image-preview:large, max-video-preview:-1\" \/>\n<link rel=\"canonical\" href=\"https:\/\/nutssyote.fi\/fi\/matkat\/25km\/\" \/>\n<meta property=\"og:locale\" content=\"fi_FI\" \/>\n<meta property=\"og:type\" content=\"article\" \/>\n<meta property=\"og:title\" content=\"25 km \u201cYmp\u00e4ri menn\u00e4\u00e4n ja yhteen tullaan\u201d - NUTS Sy\u00f6te -polkujuoksu\" \/>\n<meta property=\"og:description\" content=\"25 km reitti vie Sy\u00f6tteen kansallispuiston upeimmille poluille! Nousuja, laskuja, harjuja ja lopuksi Iso-Sy\u00f6tteen huiputus ennen laskua maaliin tunturin juurelle.\" \/>\n<meta property=\"og:url\" content=\"https:\/\/nutssyote.fi\/fi\/matkat\/25km\/\" \/>\n<meta property=\"og:site_name\" content=\"NUTS Sy\u00f6te -polkujuoksu\" \/>\n<meta property=\"article:modified_time\" content=\"2025-03-08T11:09:08+00:00\" \/>\n<meta property=\"og:image\" content=\"https:\/\/media.nuts.fi\/wp-content\/uploads\/sites\/6\/2025\/01\/28141417\/NUTS-Syote-25km-polkujuoksu.jpg\" \/>\n\t<meta property=\"og:image:width\" content=\"2048\" \/>\n\t<meta property=\"og:image:height\" content=\"1365\" \/>\n\t<meta property=\"og:image:type\" content=\"image\/jpeg\" \/>\n<meta name=\"twitter:card\" content=\"summary_large_image\" \/>\n<script type=\"application\/ld+json\" class=\"yoast-schema-graph\">{\"@context\":\"https:\/\/schema.org\",\"@graph\":[{\"@type\":\"WebPage\",\"@id\":\"https:\/\/nutssyote.fi\/fi\/matkat\/25km\/\",\"url\":\"https:\/\/nutssyote.fi\/fi\/matkat\/25km\/\",\"name\":\"25 km \u201cYmp\u00e4ri menn\u00e4\u00e4n ja yhteen tullaan\u201d - NUTS Sy\u00f6te -polkujuoksu\",\"isPartOf\":{\"@id\":\"https:\/\/nutssyote.fi\/fi\/#website\"},\"primaryImageOfPage\":{\"@id\":\"https:\/\/nutssyote.fi\/fi\/matkat\/25km\/#primaryimage\"},\"image\":{\"@id\":\"https:\/\/nutssyote.fi\/fi\/matkat\/25km\/#primaryimage\"},\"thumbnailUrl\":\"https:\/\/media.nuts.fi\/wp-content\/uploads\/sites\/6\/2025\/01\/28141417\/NUTS-Syote-25km-polkujuoksu.jpg\",\"datePublished\":\"2025-01-27T15:19:45+00:00\",\"dateModified\":\"2025-03-08T11:09:08+00:00\",\"breadcrumb\":{\"@id\":\"https:\/\/nutssyote.fi\/fi\/matkat\/25km\/#breadcrumb\"},\"inLanguage\":\"fi\",\"potentialAction\":[{\"@type\":\"ReadAction\",\"target\":[\"https:\/\/nutssyote.fi\/fi\/matkat\/25km\/\"]}]},{\"@type\":\"ImageObject\",\"inLanguage\":\"fi\",\"@id\":\"https:\/\/nutssyote.fi\/fi\/matkat\/25km\/#primaryimage\",\"url\":\"https:\/\/media.nuts.fi\/wp-content\/uploads\/sites\/6\/2025\/01\/28141417\/NUTS-Syote-25km-polkujuoksu.jpg\",\"contentUrl\":\"https:\/\/media.nuts.fi\/wp-content\/uploads\/sites\/6\/2025\/01\/28141417\/NUTS-Syote-25km-polkujuoksu.jpg\",\"width\":2048,\"height\":1365},{\"@type\":\"BreadcrumbList\",\"@id\":\"https:\/\/nutssyote.fi\/fi\/matkat\/25km\/#breadcrumb\",\"itemListElement\":[{\"@type\":\"ListItem\",\"position\":1,\"name\":\"Etusivu\",\"item\":\"https:\/\/nutssyote.fi\/fi\/\"},{\"@type\":\"ListItem\",\"position\":2,\"name\":\"Matkat\",\"item\":\"https:\/\/nutssyote.fi\/fi\/matkat\/\"},{\"@type\":\"ListItem\",\"position\":3,\"name\":\"25 km \u201cYmp\u00e4ri menn\u00e4\u00e4n ja yhteen tullaan\u201d\"}]},{\"@type\":\"WebSite\",\"@id\":\"https:\/\/nutssyote.fi\/fi\/#website\",\"url\":\"https:\/\/nutssyote.fi\/fi\/\",\"name\":\"NUTS Sy\u00f6te -polkujuoksu\",\"description\":\"\",\"publisher\":{\"@id\":\"https:\/\/nutssyote.fi\/fi\/#organization\"},\"potentialAction\":[{\"@type\":\"SearchAction\",\"target\":{\"@type\":\"EntryPoint\",\"urlTemplate\":\"https:\/\/nutssyote.fi\/fi\/?s={search_term_string}\"},\"query-input\":{\"@type\":\"PropertyValueSpecification\",\"valueRequired\":true,\"valueName\":\"search_term_string\"}}],\"inLanguage\":\"fi\"},{\"@type\":\"Organization\",\"@id\":\"https:\/\/nutssyote.fi\/fi\/#organization\",\"name\":\"NUTS Sy\u00f6te -polkujuoksu\",\"url\":\"https:\/\/nutssyote.fi\/fi\/\",\"logo\":{\"@type\":\"ImageObject\",\"inLanguage\":\"fi\",\"@id\":\"https:\/\/nutssyote.fi\/fi\/#\/schema\/logo\/image\/\",\"url\":\"https:\/\/media.nuts.fi\/wp-content\/uploads\/sites\/6\/2025\/01\/28141425\/nuts-syote-white-1.svg\",\"contentUrl\":\"https:\/\/media.nuts.fi\/wp-content\/uploads\/sites\/6\/2025\/01\/28141425\/nuts-syote-white-1.svg\",\"caption\":\"NUTS Sy\u00f6te -polkujuoksu\"},\"image\":{\"@id\":\"https:\/\/nutssyote.fi\/fi\/#\/schema\/logo\/image\/\"}}]}<\/script>\n<!-- \/ Yoast SEO plugin. -->","yoast_head_json":{"title":"25 km \u201cYmp\u00e4ri menn\u00e4\u00e4n ja yhteen tullaan\u201d - NUTS Sy\u00f6te -polkujuoksu","robots":{"index":"index","follow":"follow","max-snippet":"max-snippet:-1","max-image-preview":"max-image-preview:large","max-video-preview":"max-video-preview:-1"},"canonical":"https:\/\/nutssyote.fi\/fi\/matkat\/25km\/","og_locale":"fi_FI","og_type":"article","og_title":"25 km \u201cYmp\u00e4ri menn\u00e4\u00e4n ja yhteen tullaan\u201d - NUTS Sy\u00f6te -polkujuoksu","og_description":"25 km reitti vie Sy\u00f6tteen kansallispuiston upeimmille poluille! Nousuja, laskuja, harjuja ja lopuksi Iso-Sy\u00f6tteen huiputus ennen laskua maaliin tunturin juurelle.","og_url":"https:\/\/nutssyote.fi\/fi\/matkat\/25km\/","og_site_name":"NUTS Sy\u00f6te -polkujuoksu","article_modified_time":"2025-03-08T11:09:08+00:00","og_image":[{"width":2048,"height":1365,"url":"https:\/\/media.nuts.fi\/wp-content\/uploads\/sites\/6\/2025\/01\/28141417\/NUTS-Syote-25km-polkujuoksu.jpg","type":"image\/jpeg"}],"twitter_card":"summary_large_image","schema":{"@context":"https:\/\/schema.org","@graph":[{"@type":"WebPage","@id":"https:\/\/nutssyote.fi\/fi\/matkat\/25km\/","url":"https:\/\/nutssyote.fi\/fi\/matkat\/25km\/","name":"25 km \u201cYmp\u00e4ri menn\u00e4\u00e4n ja yhteen tullaan\u201d - NUTS Sy\u00f6te -polkujuoksu","isPartOf":{"@id":"https:\/\/nutssyote.fi\/fi\/#website"},"primaryImageOfPage":{"@id":"https:\/\/nutssyote.fi\/fi\/matkat\/25km\/#primaryimage"},"image":{"@id":"https:\/\/nutssyote.fi\/fi\/matkat\/25km\/#primaryimage"},"thumbnailUrl":"https:\/\/media.nuts.fi\/wp-content\/uploads\/sites\/6\/2025\/01\/28141417\/NUTS-Syote-25km-polkujuoksu.jpg","datePublished":"2025-01-27T15:19:45+00:00","dateModified":"2025-03-08T11:09:08+00:00","breadcrumb":{"@id":"https:\/\/nutssyote.fi\/fi\/matkat\/25km\/#breadcrumb"},"inLanguage":"fi","potentialAction":[{"@type":"ReadAction","target":["https:\/\/nutssyote.fi\/fi\/matkat\/25km\/"]}]},{"@type":"ImageObject","inLanguage":"fi","@id":"https:\/\/nutssyote.fi\/fi\/matkat\/25km\/#primaryimage","url":"https:\/\/media.nuts.fi\/wp-content\/uploads\/sites\/6\/2025\/01\/28141417\/NUTS-Syote-25km-polkujuoksu.jpg","contentUrl":"https:\/\/media.nuts.fi\/wp-content\/uploads\/sites\/6\/2025\/01\/28141417\/NUTS-Syote-25km-polkujuoksu.jpg","width":2048,"height":1365},{"@type":"BreadcrumbList","@id":"https:\/\/nutssyote.fi\/fi\/matkat\/25km\/#breadcrumb","itemListElement":[{"@type":"ListItem","position":1,"name":"Etusivu","item":"https:\/\/nutssyote.fi\/fi\/"},{"@type":"ListItem","position":2,"name":"Matkat","item":"https:\/\/nutssyote.fi\/fi\/matkat\/"},{"@type":"ListItem","position":3,"name":"25 km \u201cYmp\u00e4ri menn\u00e4\u00e4n ja yhteen tullaan\u201d"}]},{"@type":"WebSite","@id":"https:\/\/nutssyote.fi\/fi\/#website","url":"https:\/\/nutssyote.fi\/fi\/","name":"NUTS Sy\u00f6te -polkujuoksu","description":"","publisher":{"@id":"https:\/\/nutssyote.fi\/fi\/#organization"},"potentialAction":[{"@type":"SearchAction","target":{"@type":"EntryPoint","urlTemplate":"https:\/\/nutssyote.fi\/fi\/?s={search_term_string}"},"query-input":{"@type":"PropertyValueSpecification","valueRequired":true,"valueName":"search_term_string"}}],"inLanguage":"fi"},{"@type":"Organization","@id":"https:\/\/nutssyote.fi\/fi\/#organization","name":"NUTS Sy\u00f6te -polkujuoksu","url":"https:\/\/nutssyote.fi\/fi\/","logo":{"@type":"ImageObject","inLanguage":"fi","@id":"https:\/\/nutssyote.fi\/fi\/#\/schema\/logo\/image\/","url":"https:\/\/media.nuts.fi\/wp-content\/uploads\/sites\/6\/2025\/01\/28141425\/nuts-syote-white-1.svg","contentUrl":"https:\/\/media.nuts.fi\/wp-content\/uploads\/sites\/6\/2025\/01\/28141425\/nuts-syote-white-1.svg","caption":"NUTS Sy\u00f6te -polkujuoksu"},"image":{"@id":"https:\/\/nutssyote.fi\/fi\/#\/schema\/logo\/image\/"}}]}},"taxonomy_info":[],"featured_image_src_large":["https:\/\/media.nuts.fi\/wp-content\/uploads\/sites\/6\/2025\/01\/28141417\/NUTS-Syote-25km-polkujuoksu-1024x683.jpg",1024,683,true],"author_info":{"display_name":"NUTS","author_link":"https:\/\/nutssyote.fi\/fi\/author\/user\/"},"comment_info":0,"_links":{"self":[{"href":"https:\/\/nutssyote.fi\/fi\/wp-json\/wp\/v2\/pages\/347","targetHints":{"allow":["GET"]}}],"collection":[{"href":"https:\/\/nutssyote.fi\/fi\/wp-json\/wp\/v2\/pages"}],"about":[{"href":"https:\/\/nutssyote.fi\/fi\/wp-json\/wp\/v2\/types\/page"}],"author":[{"embeddable":true,"href":"https:\/\/nutssyote.fi\/fi\/wp-json\/wp\/v2\/users\/1"}],"replies":[{"embeddable":true,"href":"https:\/\/nutssyote.fi\/fi\/wp-json\/wp\/v2\/comments?post=347"}],"version-history":[{"count":6,"href":"https:\/\/nutssyote.fi\/fi\/wp-json\/wp\/v2\/pages\/347\/revisions"}],"predecessor-version":[{"id":558,"href":"https:\/\/nutssyote.fi\/fi\/wp-json\/wp\/v2\/pages\/347\/revisions\/558"}],"up":[{"embeddable":true,"href":"https:\/\/nutssyote.fi\/fi\/wp-json\/wp\/v2\/pages\/341"}],"wp:featuredmedia":[{"embeddable":true,"href":"https:\/\/nutssyote.fi\/fi\/wp-json\/wp\/v2\/media\/374"}],"wp:attachment":[{"href":"https:\/\/nutssyote.fi\/fi\/wp-json\/wp\/v2\/media?parent=347"}],"curies":[{"name":"wp","href":"https:\/\/api.w.org\/{rel}","templated":true}]}}