{"id":40,"date":"2024-02-06T16:30:28","date_gmt":"2024-02-06T14:30:28","guid":{"rendered":"https:\/\/nutssyote.fi\/?page_id=40"},"modified":"2025-11-21T16:25:06","modified_gmt":"2025-11-21T14:25:06","slug":"ilmoittaudu","status":"publish","type":"page","link":"https:\/\/nutssyote.fi\/fi\/ilmoittaudu\/","title":{"rendered":"Astu rohkeasti polulle \u2013 Ilmoittaudu!"},"content":{"rendered":"<style>.kb-countdown-container-40_461376-28{border-top-left-radius:0px;border-top-right-radius:0px;border-bottom-right-radius:0px;border-bottom-left-radius:0px;border-top-width:0px;border-right-width:0px;border-bottom-width:0px;border-left-width:0px;}.kb-countdown-container-40_461376-28 .kb-countdown-date-item:not( .kb-countdown-divider-item ){border-top-left-radius:0px;border-top-right-radius:0px;border-bottom-right-radius:0px;border-bottom-left-radius:0px;}<\/style>\n<div class=\"wp-block-kadence-countdown kb-countdown-container kb-countdown-container-40_461376-28 kb-countdown-timer-layout-block kb-countdown-has-timer kb-countdown-align-center\" data-id=\"40_461376-28\">\n<div class=\"wp-block-kadence-countdown-timer kb-countdown-timer-40_a831d8-d6 kb-countdown-timer\"><div class=\"kb-countdown-item kb-countdown-date-item\"><span class=\"kb-countdown-number\">\u00a0<\/span><span class=\"kb-countdown-label\">\u00a0<\/span><\/div><\/div>\n<\/div>\n\n\n<div id=\"divRRRegStart\" class=\"RRRegStart\"><\/div>\n        <script type=\"text\/javascript\" src=\"https:\/\/my.raceresult.com\/RRRegStart\/load.js.php?lang=fi\"><\/script>\n        <script type=\"text\/javascript\">\n            var rrp=new RRRegStart(document.getElementById(\"divRRRegStart\"), 363461);\n            rrp.ShowInfoText=true;\n        <\/script>\n\n\n<style>.kt-accordion-id40_2b87dd-38 .kt-accordion-inner-wrap{column-gap:var(--global-kb-gap-md, 2rem);row-gap:10px;}.kt-accordion-id40_2b87dd-38 .kt-accordion-panel-inner{border-top:0px solid transparent;border-right:1px solid transparent;border-bottom:1px solid transparent;border-left:1px solid transparent;background:#ffffff;padding-top:var(--global-kb-spacing-sm, 1.5rem);padding-right:var(--global-kb-spacing-sm, 1.5rem);padding-bottom:var(--global-kb-spacing-sm, 1.5rem);padding-left:var(--global-kb-spacing-sm, 1.5rem);}.kt-accordion-id40_2b87dd-38 > .kt-accordion-inner-wrap > .wp-block-kadence-pane > .kt-accordion-header-wrap > .kt-blocks-accordion-header{border-top:1px solid #2d430d;border-right:1px solid #2d430d;border-bottom:1px solid #2d430d;border-left:2px solid #2d430d;border-top-left-radius:0px;border-top-right-radius:0px;border-bottom-right-radius:0px;border-bottom-left-radius:0px;background:#2d430d;font-size:18px;line-height:24px;color:var(--global-palette9, #ffffff);padding-top:14px;padding-right:16px;padding-bottom:14px;padding-left:16px;}.kt-accordion-id40_2b87dd-38:not( .kt-accodion-icon-style-basiccircle ):not( .kt-accodion-icon-style-xclosecircle ):not( .kt-accodion-icon-style-arrowcircle )  > .kt-accordion-inner-wrap > .wp-block-kadence-pane > .kt-accordion-header-wrap .kt-blocks-accordion-icon-trigger:after, .kt-accordion-id40_2b87dd-38:not( .kt-accodion-icon-style-basiccircle ):not( .kt-accodion-icon-style-xclosecircle ):not( .kt-accodion-icon-style-arrowcircle )  > .kt-accordion-inner-wrap > .wp-block-kadence-pane > .kt-accordion-header-wrap .kt-blocks-accordion-icon-trigger:before{background:var(--global-palette9, #ffffff);}.kt-accordion-id40_2b87dd-38:not( .kt-accodion-icon-style-basic ):not( .kt-accodion-icon-style-xclose ):not( .kt-accodion-icon-style-arrow ) .kt-blocks-accordion-icon-trigger{background:var(--global-palette9, #ffffff);}.kt-accordion-id40_2b87dd-38:not( .kt-accodion-icon-style-basic ):not( .kt-accodion-icon-style-xclose ):not( .kt-accodion-icon-style-arrow ) .kt-blocks-accordion-icon-trigger:after, .kt-accordion-id40_2b87dd-38:not( .kt-accodion-icon-style-basic ):not( .kt-accodion-icon-style-xclose ):not( .kt-accodion-icon-style-arrow ) .kt-blocks-accordion-icon-trigger:before{background:#2d430d;}.kt-accordion-id40_2b87dd-38 > .kt-accordion-inner-wrap > .wp-block-kadence-pane > .kt-accordion-header-wrap > .kt-blocks-accordion-header:hover, \n\t\t\t\tbody:not(.hide-focus-outline) .kt-accordion-id40_2b87dd-38 .kt-blocks-accordion-header:focus-visible{color:var(--global-palette9, #ffffff);background:#2d430d;border-top:1px solid #d4d4d4;border-right:1px solid #d4d4d4;border-bottom:1px solid #d4d4d4;border-left:2px solid #d4d4d4;}.kt-accordion-id40_2b87dd-38:not( .kt-accodion-icon-style-basiccircle ):not( .kt-accodion-icon-style-xclosecircle ):not( .kt-accodion-icon-style-arrowcircle ) .kt-accordion-header-wrap .kt-blocks-accordion-header:hover .kt-blocks-accordion-icon-trigger:after, .kt-accordion-id40_2b87dd-38:not( .kt-accodion-icon-style-basiccircle ):not( .kt-accodion-icon-style-xclosecircle ):not( .kt-accodion-icon-style-arrowcircle ) .kt-accordion-header-wrap .kt-blocks-accordion-header:hover .kt-blocks-accordion-icon-trigger:before, body:not(.hide-focus-outline) .kt-accordion-id40_2b87dd-38:not( .kt-accodion-icon-style-basiccircle ):not( .kt-accodion-icon-style-xclosecircle ):not( .kt-accodion-icon-style-arrowcircle ) .kt-blocks-accordion--visible .kt-blocks-accordion-icon-trigger:after, body:not(.hide-focus-outline) .kt-accordion-id40_2b87dd-38:not( .kt-accodion-icon-style-basiccircle ):not( .kt-accodion-icon-style-xclosecircle ):not( .kt-accodion-icon-style-arrowcircle ) .kt-blocks-accordion-header:focus-visible .kt-blocks-accordion-icon-trigger:before{background:var(--global-palette9, #ffffff);}.kt-accordion-id40_2b87dd-38:not( .kt-accodion-icon-style-basic ):not( .kt-accodion-icon-style-xclose ):not( .kt-accodion-icon-style-arrow ) .kt-accordion-header-wrap .kt-blocks-accordion-header:hover .kt-blocks-accordion-icon-trigger, body:not(.hide-focus-outline) .kt-accordion-id40_2b87dd-38:not( .kt-accodion-icon-style-basic ):not( .kt-accodion-icon-style-xclose ):not( .kt-accodion-icon-style-arrow ) .kt-accordion-header-wrap .kt-blocks-accordion-header:focus-visible .kt-blocks-accordion-icon-trigger{background:var(--global-palette9, #ffffff);}.kt-accordion-id40_2b87dd-38:not( .kt-accodion-icon-style-basic ):not( .kt-accodion-icon-style-xclose ):not( .kt-accodion-icon-style-arrow ) .kt-accordion-header-wrap .kt-blocks-accordion-header:hover .kt-blocks-accordion-icon-trigger:after, .kt-accordion-id40_2b87dd-38:not( .kt-accodion-icon-style-basic ):not( .kt-accodion-icon-style-xclose ):not( .kt-accodion-icon-style-arrow ) .kt-accordion-header-wrap .kt-blocks-accordion-header:hover .kt-blocks-accordion-icon-trigger:before, body:not(.hide-focus-outline) .kt-accordion-id40_2b87dd-38:not( .kt-accodion-icon-style-basic ):not( .kt-accodion-icon-style-xclose ):not( .kt-accodion-icon-style-arrow ) .kt-accordion-header-wrap .kt-blocks-accordion-header:focus-visible .kt-blocks-accordion-icon-trigger:after, body:not(.hide-focus-outline) .kt-accordion-id40_2b87dd-38:not( .kt-accodion-icon-style-basic ):not( .kt-accodion-icon-style-xclose ):not( .kt-accodion-icon-style-arrow ) .kt-accordion-header-wrap .kt-blocks-accordion-header:focus-visible .kt-blocks-accordion-icon-trigger:before{background:#2d430d;}.kt-accordion-id40_2b87dd-38 .kt-accordion-header-wrap .kt-blocks-accordion-header:focus-visible,\n\t\t\t\t.kt-accordion-id40_2b87dd-38 > .kt-accordion-inner-wrap > .wp-block-kadence-pane > .kt-accordion-header-wrap > .kt-blocks-accordion-header.kt-accordion-panel-active{color:var(--global-palette9, #ffffff);background:#2d430d;border-top:1px solid #eeeeee;border-right:1px solid #eeeeee;border-bottom:1px solid #eeeeee;border-left:2px solid #0e9cd1;}.kt-accordion-id40_2b87dd-38:not( .kt-accodion-icon-style-basiccircle ):not( .kt-accodion-icon-style-xclosecircle ):not( .kt-accodion-icon-style-arrowcircle )  > .kt-accordion-inner-wrap > .wp-block-kadence-pane > .kt-accordion-header-wrap > .kt-blocks-accordion-header.kt-accordion-panel-active .kt-blocks-accordion-icon-trigger:after, .kt-accordion-id40_2b87dd-38:not( .kt-accodion-icon-style-basiccircle ):not( .kt-accodion-icon-style-xclosecircle ):not( .kt-accodion-icon-style-arrowcircle )  > .kt-accordion-inner-wrap > .wp-block-kadence-pane > .kt-accordion-header-wrap > .kt-blocks-accordion-header.kt-accordion-panel-active .kt-blocks-accordion-icon-trigger:before{background:var(--global-palette9, #ffffff);}.kt-accordion-id40_2b87dd-38:not( .kt-accodion-icon-style-basic ):not( .kt-accodion-icon-style-xclose ):not( .kt-accodion-icon-style-arrow ) .kt-blocks-accordion-header.kt-accordion-panel-active .kt-blocks-accordion-icon-trigger{background:var(--global-palette9, #ffffff);}.kt-accordion-id40_2b87dd-38:not( .kt-accodion-icon-style-basic ):not( .kt-accodion-icon-style-xclose ):not( .kt-accodion-icon-style-arrow ) .kt-blocks-accordion-header.kt-accordion-panel-active .kt-blocks-accordion-icon-trigger:after, .kt-accordion-id40_2b87dd-38:not( .kt-accodion-icon-style-basic ):not( .kt-accodion-icon-style-xclose ):not( .kt-accodion-icon-style-arrow ) .kt-blocks-accordion-header.kt-accordion-panel-active .kt-blocks-accordion-icon-trigger:before{background:#2d430d;}@media all and (max-width: 1024px){.kt-accordion-id40_2b87dd-38 .kt-accordion-panel-inner{border-top:0px solid transparent;border-right:1px solid transparent;border-bottom:1px solid transparent;border-left:1px solid transparent;}}@media all and (max-width: 1024px){.kt-accordion-id40_2b87dd-38 > .kt-accordion-inner-wrap > .wp-block-kadence-pane > .kt-accordion-header-wrap > .kt-blocks-accordion-header{border-top:1px solid #2d430d;border-right:1px solid #2d430d;border-bottom:1px solid #2d430d;border-left:2px solid #2d430d;}}@media all and (max-width: 1024px){.kt-accordion-id40_2b87dd-38 > .kt-accordion-inner-wrap > .wp-block-kadence-pane > .kt-accordion-header-wrap > .kt-blocks-accordion-header:hover, \n\t\t\t\tbody:not(.hide-focus-outline) .kt-accordion-id40_2b87dd-38 .kt-blocks-accordion-header:focus-visible{border-top:1px solid #d4d4d4;border-right:1px solid #d4d4d4;border-bottom:1px solid #d4d4d4;border-left:2px solid #d4d4d4;}}@media all and (max-width: 1024px){.kt-accordion-id40_2b87dd-38 .kt-accordion-header-wrap .kt-blocks-accordion-header:focus-visible,\n\t\t\t\t.kt-accordion-id40_2b87dd-38 > .kt-accordion-inner-wrap > .wp-block-kadence-pane > .kt-accordion-header-wrap > .kt-blocks-accordion-header.kt-accordion-panel-active{border-top:1px solid #eeeeee;border-right:1px solid #eeeeee;border-bottom:1px solid #eeeeee;border-left:2px solid #0e9cd1;}}@media all and (max-width: 767px){.kt-accordion-id40_2b87dd-38 .kt-accordion-inner-wrap{display:block;}.kt-accordion-id40_2b87dd-38 .kt-accordion-inner-wrap .kt-accordion-pane:not(:first-child){margin-top:10px;}.kt-accordion-id40_2b87dd-38 .kt-accordion-panel-inner{border-top:0px solid transparent;border-right:1px solid transparent;border-bottom:1px solid transparent;border-left:1px solid transparent;}.kt-accordion-id40_2b87dd-38 > .kt-accordion-inner-wrap > .wp-block-kadence-pane > .kt-accordion-header-wrap > .kt-blocks-accordion-header{border-top:1px solid #2d430d;border-right:1px solid #2d430d;border-bottom:1px solid #2d430d;border-left:2px solid #2d430d;}.kt-accordion-id40_2b87dd-38 > .kt-accordion-inner-wrap > .wp-block-kadence-pane > .kt-accordion-header-wrap > .kt-blocks-accordion-header:hover, \n\t\t\t\tbody:not(.hide-focus-outline) .kt-accordion-id40_2b87dd-38 .kt-blocks-accordion-header:focus-visible{border-top:1px solid #d4d4d4;border-right:1px solid #d4d4d4;border-bottom:1px solid #d4d4d4;border-left:2px solid #d4d4d4;}.kt-accordion-id40_2b87dd-38 .kt-accordion-header-wrap .kt-blocks-accordion-header:focus-visible,\n\t\t\t\t.kt-accordion-id40_2b87dd-38 > .kt-accordion-inner-wrap > .wp-block-kadence-pane > .kt-accordion-header-wrap > .kt-blocks-accordion-header.kt-accordion-panel-active{border-top:1px solid #eeeeee;border-right:1px solid #eeeeee;border-bottom:1px solid #eeeeee;border-left:2px solid #0e9cd1;}}<\/style>\n<div class=\"wp-block-kadence-accordion alignnone\"><div class=\"kt-accordion-wrap kt-accordion-id40_2b87dd-38 kt-accordion-has-4-panes kt-active-pane-0 kt-accordion-block kt-pane-header-alignment-left kt-accodion-icon-style-arrow kt-accodion-icon-side-right\" style=\"max-width:none\"><div class=\"kt-accordion-inner-wrap\" data-allow-multiple-open=\"false\" data-start-open=\"none\">\n<div class=\"wp-block-kadence-pane kt-accordion-pane kt-accordion-pane-1 kt-pane40_921bc1-b8\"><div class=\"kt-accordion-header-wrap\"><button class=\"kt-blocks-accordion-header kt-acccordion-button-label-show\" type=\"button\"><span class=\"kt-blocks-accordion-title-wrap\"><span class=\"kt-blocks-accordion-title\">Muut maksut<\/span><\/span><span class=\"kt-blocks-accordion-icon-trigger\"><\/span><\/button><\/div><div class=\"kt-accordion-panel kt-accordion-panel-hidden\"><div class=\"kt-accordion-panel-inner\"><style>.kb-table-container458_3ca73d-b0{overflow-x:auto;}.kb-table458_3ca73d-b0 td:nth-of-type(1), .kb-table458_3ca73d-b0 th:nth-of-type(1){width:70%;}.kb-table458_3ca73d-b0{table-layout:fixed;width:100%;}.kb-table-container .kb-table458_3ca73d-b0 th{padding-top:var(--global-kb-spacing-xxs, 0.5rem);padding-right:var(--global-kb-spacing-xxs, 0.5rem);padding-bottom:var(--global-kb-spacing-xxs, 0.5rem);padding-left:var(--global-kb-spacing-xxs, 0.5rem);text-align:center;}.kb-table-container .kb-table458_3ca73d-b0 td{padding-top:var(--global-kb-spacing-xxs, 0.5rem);padding-right:var(--global-kb-spacing-xxs, 0.5rem);padding-bottom:var(--global-kb-spacing-xxs, 0.5rem);padding-left:var(--global-kb-spacing-xxs, 0.5rem);text-align:left;}.kb-table-container .kb-table458_3ca73d-b0 tr:nth-of-type(even){background-color:var(--global-palette8, #F7FAFC);}.kb-table-container .kb-table458_3ca73d-b0 td, .kb-table458_3ca73d-b0 th{border-top:0px solid transparent;border-right:0px solid transparent;border-bottom:0px solid transparent;border-left:0px solid transparent;}@media all and (max-width: 1024px){.kb-table-container .kb-table458_3ca73d-b0 td, .kb-table458_3ca73d-b0 th{border-top:0px solid transparent;border-right:0px solid transparent;border-bottom:0px solid transparent;border-left:0px solid transparent;}}@media all and (max-width: 767px){.kb-table-container .kb-table458_3ca73d-b0 td, .kb-table458_3ca73d-b0 th{border-top:0px solid transparent;border-right:0px solid transparent;border-bottom:0px solid transparent;border-left:0px solid transparent;}}<\/style><div class=\"kb-table-container kb-table-container458_3ca73d-b0 wp-block-kadence-table\"><table class=\"kb-table kb-table458_3ca73d-b0\">\n<tr class=\"kb-table-row kb-table-row458_fef64e-4e\">\n<td class=\"kb-table-data kb-table-data458_58c99a-31\">\n\n<figure class=\"wp-block-table\"><table class=\"has-fixed-layout\"><tbody><tr><td>Zoomer-juoksubonus osallistumismaksusta 2000 ja my\u00f6hemmin syntyneet<br>Zoomer Run Rebate on the participation fee for those born in 2000 or later.<\/td><\/tr><\/tbody><\/table><\/figure>\n\n<\/458_58c99a-31>\n\n<td class=\"kb-table-data kb-table-data458_38c1ac-5c\">\n\n<figure class=\"wp-block-table\"><table class=\"has-fixed-layout\"><tbody><tr><td>-30%<\/td><\/tr><\/tbody><\/table><\/figure>\n\n<\/458_38c1ac-5c>\n<\/tr>\n\n<tr class=\"kb-table-row kb-table-row458_f8da8c-10\">\n<td class=\"kb-table-data kb-table-data458_d634fc-f0\">\n\n<p><strong>Ilmoittautumistietojen muutokset ja siirrot<br>Registration changes and transfers<\/strong><\/p>\n\n<\/458_d634fc-f0>\n\n<td class=\"kb-table-data kb-table-data458_11399a-9b\">\n\n<p><\/p>\n\n<\/458_11399a-9b>\n<\/tr>\n\n<tr class=\"kb-table-row kb-table-row458_641acb-6c\">\n<td class=\"kb-table-data kb-table-data458_91b4f8-1f\">\n\n<figure class=\"wp-block-table is-style-regular\"><table class=\"has-fixed-layout\"><tbody><tr><td>25.11.2025 alkaen tehdyt ilmoittautumiset 2.6.2026 asti \/ j\u00e4lkihinta<br>Registrations made from 25 November 2025 Until June 2 \/ after<\/td><\/tr><\/tbody><\/table><\/figure>\n\n<\/458_91b4f8-1f>\n\n<td class=\"kb-table-data kb-table-data458_827b62-1e\">\n\n<figure class=\"wp-block-table\"><table class=\"has-fixed-layout\"><tbody><tr><td>0 \u20ac \/ 21 \u20ac<\/td><\/tr><\/tbody><\/table><\/figure>\n\n<\/458_827b62-1e>\n<\/tr>\n\n<tr class=\"kb-table-row kb-table-row458_d4a1e8-2b\">\n<td class=\"kb-table-data kb-table-data458_0d93f7-7e\">\n\n<p>Aiemmilta vuosilta siirretyt ilmoittautumiset 1.1.2026 alkaen<br>Registrations transferred from previous years from 1 January 2026<\/p>\n\n<\/458_0d93f7-7e>\n\n<td class=\"kb-table-data kb-table-data458_e083c9-0c\">\n\n<p>21 \u20ac<\/p>\n\n<\/458_e083c9-0c>\n<\/tr>\n<\/table><\/div><\/div><\/div><\/div>\n\n\n\n<div class=\"wp-block-kadence-pane kt-accordion-pane kt-accordion-pane-3 kt-pane40_457670-d8\"><div class=\"kt-accordion-header-wrap\"><button class=\"kt-blocks-accordion-header kt-acccordion-button-label-show\" type=\"button\"><span class=\"kt-blocks-accordion-title-wrap\"><span class=\"kt-blocks-accordion-title\">Muutokset, peruutukset ja siirrot<\/span><\/span><span class=\"kt-blocks-accordion-icon-trigger\"><\/span><\/button><\/div><div class=\"kt-accordion-panel kt-accordion-panel-hidden\"><div class=\"kt-accordion-panel-inner\">\n<p>Voit siirt\u00e4\u00e4 osallistumisoikeuden toiselle henkil\u00f6lle tai seuraavaan vuoteen itsepalvelulinkin kautta, jonka sait ilmoittautuessasi. Jos linkki puuttuu, ota yhteytt\u00e4 <a href=\"mailto:info@nuts.fi\">info@nuts.fi<\/a>. Osallistumismaksuja ei palauteta, mutta voit vaihtaa sarjaa maksun erotuksen mukaan. Kahden viikon sis\u00e4ll\u00e4 ennen tapahtumaa muutokset vaativat erillisen muutosmaksun.<\/p>\n<\/div><\/div><\/div>\n<\/div><\/div><\/div>\n","protected":false},"excerpt":{"rendered":"","protected":false},"author":1,"featured_media":258,"parent":0,"menu_order":0,"comment_status":"closed","ping_status":"closed","template":"","meta":{"_kad_blocks_custom_css":"","_kad_blocks_head_custom_js":"","_kad_blocks_body_custom_js":"","_kad_blocks_footer_custom_js":"","_kad_post_transparent":"","_kad_post_title":"","_kad_post_layout":"","_kad_post_sidebar_id":"","_kad_post_content_style":"","_kad_post_vertical_padding":"","_kad_post_feature":"","_kad_post_feature_position":"","_kad_post_header":false,"_kad_post_footer":false,"_kad_post_classname":"","footnotes":""},"class_list":["post-40","page","type-page","status-publish","has-post-thumbnail","hentry"],"yoast_head":"<!-- This site is optimized with the Yoast SEO plugin v26.8 - https:\/\/yoast.com\/product\/yoast-seo-wordpress\/ -->\n<title>Astu rohkeasti polulle \u2013 Ilmoittaudu! - NUTS Sy\u00f6te -polkujuoksu<\/title>\n<meta name=\"robots\" content=\"index, follow, max-snippet:-1, max-image-preview:large, max-video-preview:-1\" \/>\n<link rel=\"canonical\" href=\"https:\/\/nutssyote.fi\/fi\/ilmoittaudu\/\" \/>\n<meta property=\"og:locale\" content=\"fi_FI\" \/>\n<meta property=\"og:type\" content=\"article\" \/>\n<meta property=\"og:title\" content=\"Astu rohkeasti polulle \u2013 Ilmoittaudu! - NUTS Sy\u00f6te -polkujuoksu\" \/>\n<meta property=\"og:url\" content=\"https:\/\/nutssyote.fi\/fi\/ilmoittaudu\/\" \/>\n<meta property=\"og:site_name\" content=\"NUTS Sy\u00f6te -polkujuoksu\" \/>\n<meta property=\"article:modified_time\" content=\"2025-11-21T14:25:06+00:00\" \/>\n<meta property=\"og:image\" content=\"https:\/\/media.nuts.fi\/wp-content\/uploads\/sites\/6\/2024\/11\/28141420\/NUTS-Syote-24-Lauantai-Rami-Valonen-33.jpg\" \/>\n\t<meta property=\"og:image:width\" content=\"1024\" \/>\n\t<meta property=\"og:image:height\" content=\"683\" \/>\n\t<meta property=\"og:image:type\" content=\"image\/jpeg\" \/>\n<meta name=\"twitter:card\" content=\"summary_large_image\" \/>\n<meta name=\"twitter:label1\" content=\"Arvioitu lukuaika\" \/>\n\t<meta name=\"twitter:data1\" content=\"1 minuutti\" \/>\n<script type=\"application\/ld+json\" class=\"yoast-schema-graph\">{\"@context\":\"https:\/\/schema.org\",\"@graph\":[{\"@type\":\"WebPage\",\"@id\":\"https:\/\/nutssyote.fi\/fi\/ilmoittaudu\/\",\"url\":\"https:\/\/nutssyote.fi\/fi\/ilmoittaudu\/\",\"name\":\"Astu rohkeasti polulle \u2013 Ilmoittaudu! - NUTS Sy\u00f6te -polkujuoksu\",\"isPartOf\":{\"@id\":\"https:\/\/nutssyote.fi\/fi\/#website\"},\"primaryImageOfPage\":{\"@id\":\"https:\/\/nutssyote.fi\/fi\/ilmoittaudu\/#primaryimage\"},\"image\":{\"@id\":\"https:\/\/nutssyote.fi\/fi\/ilmoittaudu\/#primaryimage\"},\"thumbnailUrl\":\"https:\/\/media.nuts.fi\/wp-content\/uploads\/sites\/6\/2024\/11\/28141420\/NUTS-Syote-24-Lauantai-Rami-Valonen-33.jpg\",\"datePublished\":\"2024-02-06T14:30:28+00:00\",\"dateModified\":\"2025-11-21T14:25:06+00:00\",\"breadcrumb\":{\"@id\":\"https:\/\/nutssyote.fi\/fi\/ilmoittaudu\/#breadcrumb\"},\"inLanguage\":\"fi\",\"potentialAction\":[{\"@type\":\"ReadAction\",\"target\":[\"https:\/\/nutssyote.fi\/fi\/ilmoittaudu\/\"]}]},{\"@type\":\"ImageObject\",\"inLanguage\":\"fi\",\"@id\":\"https:\/\/nutssyote.fi\/fi\/ilmoittaudu\/#primaryimage\",\"url\":\"https:\/\/media.nuts.fi\/wp-content\/uploads\/sites\/6\/2024\/11\/28141420\/NUTS-Syote-24-Lauantai-Rami-Valonen-33.jpg\",\"contentUrl\":\"https:\/\/media.nuts.fi\/wp-content\/uploads\/sites\/6\/2024\/11\/28141420\/NUTS-Syote-24-Lauantai-Rami-Valonen-33.jpg\",\"width\":1024,\"height\":683},{\"@type\":\"BreadcrumbList\",\"@id\":\"https:\/\/nutssyote.fi\/fi\/ilmoittaudu\/#breadcrumb\",\"itemListElement\":[{\"@type\":\"ListItem\",\"position\":1,\"name\":\"Etusivu\",\"item\":\"https:\/\/nutssyote.fi\/fi\/\"},{\"@type\":\"ListItem\",\"position\":2,\"name\":\"Astu rohkeasti polulle \u2013 Ilmoittaudu!\"}]},{\"@type\":\"WebSite\",\"@id\":\"https:\/\/nutssyote.fi\/fi\/#website\",\"url\":\"https:\/\/nutssyote.fi\/fi\/\",\"name\":\"NUTS Sy\u00f6te -polkujuoksu\",\"description\":\"\",\"publisher\":{\"@id\":\"https:\/\/nutssyote.fi\/fi\/#organization\"},\"potentialAction\":[{\"@type\":\"SearchAction\",\"target\":{\"@type\":\"EntryPoint\",\"urlTemplate\":\"https:\/\/nutssyote.fi\/fi\/?s={search_term_string}\"},\"query-input\":{\"@type\":\"PropertyValueSpecification\",\"valueRequired\":true,\"valueName\":\"search_term_string\"}}],\"inLanguage\":\"fi\"},{\"@type\":\"Organization\",\"@id\":\"https:\/\/nutssyote.fi\/fi\/#organization\",\"name\":\"NUTS Sy\u00f6te -polkujuoksu\",\"url\":\"https:\/\/nutssyote.fi\/fi\/\",\"logo\":{\"@type\":\"ImageObject\",\"inLanguage\":\"fi\",\"@id\":\"https:\/\/nutssyote.fi\/fi\/#\/schema\/logo\/image\/\",\"url\":\"https:\/\/media.nuts.fi\/wp-content\/uploads\/sites\/6\/2025\/01\/28141425\/nuts-syote-white-1.svg\",\"contentUrl\":\"https:\/\/media.nuts.fi\/wp-content\/uploads\/sites\/6\/2025\/01\/28141425\/nuts-syote-white-1.svg\",\"caption\":\"NUTS Sy\u00f6te -polkujuoksu\"},\"image\":{\"@id\":\"https:\/\/nutssyote.fi\/fi\/#\/schema\/logo\/image\/\"}}]}<\/script>\n<!-- \/ Yoast SEO plugin. -->","yoast_head_json":{"title":"Astu rohkeasti polulle \u2013 Ilmoittaudu! - NUTS Sy\u00f6te -polkujuoksu","robots":{"index":"index","follow":"follow","max-snippet":"max-snippet:-1","max-image-preview":"max-image-preview:large","max-video-preview":"max-video-preview:-1"},"canonical":"https:\/\/nutssyote.fi\/fi\/ilmoittaudu\/","og_locale":"fi_FI","og_type":"article","og_title":"Astu rohkeasti polulle \u2013 Ilmoittaudu! - NUTS Sy\u00f6te -polkujuoksu","og_url":"https:\/\/nutssyote.fi\/fi\/ilmoittaudu\/","og_site_name":"NUTS Sy\u00f6te -polkujuoksu","article_modified_time":"2025-11-21T14:25:06+00:00","og_image":[{"width":1024,"height":683,"url":"https:\/\/media.nuts.fi\/wp-content\/uploads\/sites\/6\/2024\/11\/28141420\/NUTS-Syote-24-Lauantai-Rami-Valonen-33.jpg","type":"image\/jpeg"}],"twitter_card":"summary_large_image","twitter_misc":{"Arvioitu lukuaika":"1 minuutti"},"schema":{"@context":"https:\/\/schema.org","@graph":[{"@type":"WebPage","@id":"https:\/\/nutssyote.fi\/fi\/ilmoittaudu\/","url":"https:\/\/nutssyote.fi\/fi\/ilmoittaudu\/","name":"Astu rohkeasti polulle \u2013 Ilmoittaudu! - NUTS Sy\u00f6te -polkujuoksu","isPartOf":{"@id":"https:\/\/nutssyote.fi\/fi\/#website"},"primaryImageOfPage":{"@id":"https:\/\/nutssyote.fi\/fi\/ilmoittaudu\/#primaryimage"},"image":{"@id":"https:\/\/nutssyote.fi\/fi\/ilmoittaudu\/#primaryimage"},"thumbnailUrl":"https:\/\/media.nuts.fi\/wp-content\/uploads\/sites\/6\/2024\/11\/28141420\/NUTS-Syote-24-Lauantai-Rami-Valonen-33.jpg","datePublished":"2024-02-06T14:30:28+00:00","dateModified":"2025-11-21T14:25:06+00:00","breadcrumb":{"@id":"https:\/\/nutssyote.fi\/fi\/ilmoittaudu\/#breadcrumb"},"inLanguage":"fi","potentialAction":[{"@type":"ReadAction","target":["https:\/\/nutssyote.fi\/fi\/ilmoittaudu\/"]}]},{"@type":"ImageObject","inLanguage":"fi","@id":"https:\/\/nutssyote.fi\/fi\/ilmoittaudu\/#primaryimage","url":"https:\/\/media.nuts.fi\/wp-content\/uploads\/sites\/6\/2024\/11\/28141420\/NUTS-Syote-24-Lauantai-Rami-Valonen-33.jpg","contentUrl":"https:\/\/media.nuts.fi\/wp-content\/uploads\/sites\/6\/2024\/11\/28141420\/NUTS-Syote-24-Lauantai-Rami-Valonen-33.jpg","width":1024,"height":683},{"@type":"BreadcrumbList","@id":"https:\/\/nutssyote.fi\/fi\/ilmoittaudu\/#breadcrumb","itemListElement":[{"@type":"ListItem","position":1,"name":"Etusivu","item":"https:\/\/nutssyote.fi\/fi\/"},{"@type":"ListItem","position":2,"name":"Astu rohkeasti polulle \u2013 Ilmoittaudu!"}]},{"@type":"WebSite","@id":"https:\/\/nutssyote.fi\/fi\/#website","url":"https:\/\/nutssyote.fi\/fi\/","name":"NUTS Sy\u00f6te -polkujuoksu","description":"","publisher":{"@id":"https:\/\/nutssyote.fi\/fi\/#organization"},"potentialAction":[{"@type":"SearchAction","target":{"@type":"EntryPoint","urlTemplate":"https:\/\/nutssyote.fi\/fi\/?s={search_term_string}"},"query-input":{"@type":"PropertyValueSpecification","valueRequired":true,"valueName":"search_term_string"}}],"inLanguage":"fi"},{"@type":"Organization","@id":"https:\/\/nutssyote.fi\/fi\/#organization","name":"NUTS Sy\u00f6te -polkujuoksu","url":"https:\/\/nutssyote.fi\/fi\/","logo":{"@type":"ImageObject","inLanguage":"fi","@id":"https:\/\/nutssyote.fi\/fi\/#\/schema\/logo\/image\/","url":"https:\/\/media.nuts.fi\/wp-content\/uploads\/sites\/6\/2025\/01\/28141425\/nuts-syote-white-1.svg","contentUrl":"https:\/\/media.nuts.fi\/wp-content\/uploads\/sites\/6\/2025\/01\/28141425\/nuts-syote-white-1.svg","caption":"NUTS Sy\u00f6te -polkujuoksu"},"image":{"@id":"https:\/\/nutssyote.fi\/fi\/#\/schema\/logo\/image\/"}}]}},"taxonomy_info":[],"featured_image_src_large":["https:\/\/media.nuts.fi\/wp-content\/uploads\/sites\/6\/2024\/11\/28141420\/NUTS-Syote-24-Lauantai-Rami-Valonen-33.jpg",1024,683,false],"author_info":{"display_name":"NUTS","author_link":"https:\/\/nutssyote.fi\/fi\/author\/user\/"},"comment_info":0,"_links":{"self":[{"href":"https:\/\/nutssyote.fi\/fi\/wp-json\/wp\/v2\/pages\/40","targetHints":{"allow":["GET"]}}],"collection":[{"href":"https:\/\/nutssyote.fi\/fi\/wp-json\/wp\/v2\/pages"}],"about":[{"href":"https:\/\/nutssyote.fi\/fi\/wp-json\/wp\/v2\/types\/page"}],"author":[{"embeddable":true,"href":"https:\/\/nutssyote.fi\/fi\/wp-json\/wp\/v2\/users\/1"}],"replies":[{"embeddable":true,"href":"https:\/\/nutssyote.fi\/fi\/wp-json\/wp\/v2\/comments?post=40"}],"version-history":[{"count":8,"href":"https:\/\/nutssyote.fi\/fi\/wp-json\/wp\/v2\/pages\/40\/revisions"}],"predecessor-version":[{"id":776,"href":"https:\/\/nutssyote.fi\/fi\/wp-json\/wp\/v2\/pages\/40\/revisions\/776"}],"wp:featuredmedia":[{"embeddable":true,"href":"https:\/\/nutssyote.fi\/fi\/wp-json\/wp\/v2\/media\/258"}],"wp:attachment":[{"href":"https:\/\/nutssyote.fi\/fi\/wp-json\/wp\/v2\/media?parent=40"}],"curies":[{"name":"wp","href":"https:\/\/api.w.org\/{rel}","templated":true}]}}